{"id":454,"date":"2022-01-11T10:15:12","date_gmt":"2022-01-11T10:15:12","guid":{"rendered":"https:\/\/demo.creativethemes.com\/blocksy\/floreo\/?page_id=9"},"modified":"2026-01-27T16:08:25","modified_gmt":"2026-01-27T22:08:25","slug":"nosotros","status":"publish","type":"page","link":"https:\/\/gruporagal.net\/index.php\/nosotros\/","title":{"rendered":"CONOCENOS"},"content":{"rendered":"\n<div class=\"wp-block-uagb-advanced-heading uagb-block-a2ece198\"><h1 class=\"uagb-heading-text\"><strong>CONSTRUYENDO SUE\u00d1OS DESDE 1991<\/strong> <\/h1><\/div>\n\n\n\n<div class=\"wp-block-uagb-container uagb-block-2e3d8428 default uagb-is-root-container\"><\/div>\n\n\n\n<div class=\"wp-block-uagb-container uagb-block-2c034a67 alignfull uagb-is-root-container\"><div class=\"uagb-container-inner-blocks-wrap\">\n<div class=\"wp-block-stackable-text stk-block-text stk-block stk-bd6d03e\" data-block-id=\"bd6d03e\"><style>.stk-bd6d03e {margin-bottom:15px !important;}.stk-bd6d03e .stk-block-text__text{font-size:20px !important;}@media screen and (max-width: 1023px){.stk-bd6d03e .stk-block-text__text{font-size:20px !important;}}@media screen and (max-width: 767px){.stk-bd6d03e .stk-block-text__text{font-size:14px !important;}}<\/style><p class=\"stk-block-text__text has-text-align-justify\"><span style=\"color: var(--ast-global-color-6);\" class=\"stk-highlight\">Hace <strong>m\u00e1s de tres d\u00e9cadas,<\/strong> en el a\u00f1o de 1991, nuestro fundador, el C.P. Alfonso Ram\u00edrez L., tuvo una visi\u00f3n: <strong>crear una ferreter\u00eda que no solo ofreciera productos, sino tambi\u00e9n soluciones y confianza a la comunidad de R\u00edo Blanco.<\/strong> Con pocos recursos y mucho compromiso, inici\u00f3 un peque\u00f1o negocio donde los materiales se adquir\u00edan bajo pedido, respondiendo a las necesidades del cliente con cercan\u00eda y dedicaci\u00f3n.<\/span><\/p><\/div>\n\n\n\n<div class=\"wp-block-stackable-text stk-block-text stk-block stk-feb1302\" data-block-id=\"feb1302\"><style>.stk-feb1302 {margin-bottom:16px !important;}.stk-feb1302 .stk-block-text__text{font-size:20px !important;}@media screen and (max-width: 1023px){.stk-feb1302 .stk-block-text__text{font-size:20px !important;}}@media screen and (max-width: 767px){.stk-feb1302 .stk-block-text__text{font-size:14px !important;}}<\/style><p class=\"stk-block-text__text has-text-align-justify\"><span style=\"color: var(--ast-global-color-6);\" class=\"stk-highlight\">En esos primeros a\u00f1os, los pedidos se repart\u00edan en motocicletas, reflejando la sencillez y el esfuerzo con los que construimos nuestra identidad. Con el tiempo, <strong>nuestra dedicaci\u00f3n nos permiti\u00f3 crecer, traslad\u00e1ndonos a una ubicaci\u00f3n que hoy sigue siendo nuestro hogar, evolucionando constantemente para mantenernos como referentes en la regi\u00f3n.<\/strong><\/span><\/p><\/div>\n\n\n\n<div class=\"wp-block-stackable-text stk-block-text stk-block stk-4709cb6\" data-block-id=\"4709cb6\"><style>.stk-4709cb6 .stk-block-text__text{font-size:20px !important;}@media screen and (max-width: 1023px){.stk-4709cb6 .stk-block-text__text{font-size:20px !important;}}@media screen and (max-width: 767px){.stk-4709cb6 .stk-block-text__text{font-size:14px !important;}}<\/style><p class=\"stk-block-text__text has-text-align-justify\"><span style=\"color: var(--ast-global-color-6);\" class=\"stk-highlight\">A lo largo de 35 a\u00f1os, <strong>Grupo Ragal ha pasado de ser una ferreter\u00eda local a convertirse en un l\u00edder regional en materiales para la construcci\u00f3n y ferreter\u00eda,<\/strong> reconocido por su atenci\u00f3n al cliente, precios competitivos y un enfoque humano que valora cada proyecto, grande o peque\u00f1o.<\/span><\/p><\/div>\n<\/div><\/div>\n\n\n\n<div class=\"wp-block-stackable-divider alignfull stk-block-divider stk-block stk-e93a759\" data-block-id=\"e93a759\"><style>.stk-e93a759 {border-top-left-radius:0px !important;border-top-right-radius:0px !important;border-bottom-right-radius:0px !important;border-bottom-left-radius:0px !important;overflow:hidden !important;box-shadow:none !important;margin-top:43px !important;}<\/style><hr class=\"stk-block-divider__hr\"\/><\/div>\n\n\n\n<div class=\"wp-block-stackable-feature-grid alignwide stk-block-feature-grid stk-block-columns stk-block stk-bae4d05 is-style-default\" data-block-id=\"bae4d05\"><div class=\"stk-row stk-inner-blocks has-text-align-center stk-block-content stk-content-align stk-bae4d05-column alignwide\">\n<div class=\"wp-block-stackable-column stk-block-column stk-column stk-block stk-5425300\" data-v=\"4\" data-block-id=\"5425300\"><div class=\"stk-column-wrapper stk-block-column__content stk-container stk-5425300-container stk-hover-parent\"><div class=\"has-text-align-center-mobile stk-block-content stk-inner-blocks stk-5425300-inner-blocks\">\n<div class=\"wp-block-stackable-image stk-block-image stk-block stk-0fd9931\" data-block-id=\"0fd9931\"><style>.stk-0fd9931 .stk-img-wrapper{width:75% !important;}@media screen and (max-width: 767px){.stk-0fd9931 {margin-top:-20px !important;margin-bottom:0px !important;}.stk-0fd9931 .stk-img-wrapper{width:50% !important;}}<\/style><figure><span class=\"stk-img-wrapper stk-image--shape-stretch\"><img loading=\"lazy\" decoding=\"async\" class=\"stk-img wp-image-2572\" src=\"https:\/\/gruporagal.net\/wp-content\/uploads\/2025\/02\/20.png\" width=\"1080\" height=\"1080\" srcset=\"https:\/\/gruporagal.net\/wp-content\/uploads\/2025\/02\/20.png 1080w, https:\/\/gruporagal.net\/wp-content\/uploads\/2025\/02\/20-300x300.png 300w, https:\/\/gruporagal.net\/wp-content\/uploads\/2025\/02\/20-1024x1024.png 1024w, https:\/\/gruporagal.net\/wp-content\/uploads\/2025\/02\/20-150x150.png 150w, https:\/\/gruporagal.net\/wp-content\/uploads\/2025\/02\/20-768x768.png 768w, https:\/\/gruporagal.net\/wp-content\/uploads\/2025\/02\/20-600x600.png 600w, https:\/\/gruporagal.net\/wp-content\/uploads\/2025\/02\/20-100x100.png 100w\" sizes=\"auto, (max-width: 1080px) 100vw, 1080px\" \/><\/span><\/figure><\/div>\n\n\n\n<div class=\"wp-block-stackable-heading stk-block-heading stk-block-heading--v2 stk-block stk-c44ade2\" id=\"strong-objetivos-strong\" data-block-id=\"c44ade2\"><h3 class=\"stk-block-heading__text\"><strong>OBJETIVOS<\/strong><\/h3><\/div>\n\n\n\n<ul style=\"margin-top:0;margin-bottom:0\" class=\"wp-block-list\">\n<li style=\"margin-top:var(--wp--preset--spacing--60);margin-bottom:var(--wp--preset--spacing--60)\"><span style=\"color: var(--ast-global-color-8);\" class=\"stk-highlight\">Satisfacer las necesidades de los clientes, entreg\u00e1ndoles soluciones econ\u00f3micas y con calidad.<\/span>                    <\/li>\n\n\n\n<li style=\"margin-top:var(--wp--preset--spacing--60);margin-bottom:var(--wp--preset--spacing--60)\"><span style=\"color: var(--ast-global-color-8);\" class=\"stk-highlight\"><span style=\"color: var(--ast-global-color-8);\" class=\"stk-highlight\">Mejorar las relaciones con nuestros proveedores para contribuir al \u00e9xito en la satisfacci\u00f3n de las necesidades de los clientes.<\/span><\/span><\/li>\n\n\n\n<li style=\"margin-top:var(--wp--preset--spacing--60);margin-bottom:var(--wp--preset--spacing--60)\"><span style=\"color: var(--ast-global-color-8);\" class=\"stk-highlight\">Continuar con nuestro proceso de mejora continua para acrecentar el servicio al cliente.<\/span><\/li>\n\n\n\n<li style=\"margin-top:var(--wp--preset--spacing--60);margin-bottom:var(--wp--preset--spacing--60)\"><span style=\"color: var(--ast-global-color-8);\" class=\"stk-highlight\">Continuar con un crecimiento sostenible en el mercado del sector de construcci\u00f3n y ferretero.<\/span><\/li>\n\n\n\n<li><span style=\"color: var(--ast-global-color-8);\" class=\"stk-highlight\">Mejorar el acercamiento con los clientes para que nos tengan como su mejor alternativa<\/span>.<\/li>\n<\/ul>\n<\/div><\/div><\/div>\n\n\n\n<div class=\"wp-block-stackable-column stk-block-column stk-column stk-block stk-ecb94ff\" data-v=\"4\" data-block-id=\"ecb94ff\"><div class=\"stk-column-wrapper stk-block-column__content stk-container stk-ecb94ff-container stk-hover-parent\"><div class=\"stk-block-content stk-inner-blocks stk-ecb94ff-inner-blocks\">\n<div class=\"wp-block-stackable-image stk-block-image stk-block stk-5904382\" data-block-id=\"5904382\"><style>.stk-5904382 .stk-img-wrapper{width:75% !important;}@media screen and (max-width: 767px){.stk-5904382 {margin-top:-35px !important;margin-bottom:-35px !important;}}<\/style><figure><span class=\"stk-img-wrapper stk-image--shape-stretch\"><img loading=\"lazy\" decoding=\"async\" class=\"stk-img wp-image-2573\" src=\"https:\/\/gruporagal.net\/wp-content\/uploads\/2025\/02\/21.png\" width=\"1080\" height=\"1080\" srcset=\"https:\/\/gruporagal.net\/wp-content\/uploads\/2025\/02\/21.png 1080w, https:\/\/gruporagal.net\/wp-content\/uploads\/2025\/02\/21-300x300.png 300w, https:\/\/gruporagal.net\/wp-content\/uploads\/2025\/02\/21-1024x1024.png 1024w, https:\/\/gruporagal.net\/wp-content\/uploads\/2025\/02\/21-150x150.png 150w, https:\/\/gruporagal.net\/wp-content\/uploads\/2025\/02\/21-768x768.png 768w, https:\/\/gruporagal.net\/wp-content\/uploads\/2025\/02\/21-600x600.png 600w, https:\/\/gruporagal.net\/wp-content\/uploads\/2025\/02\/21-100x100.png 100w\" sizes=\"auto, (max-width: 1080px) 100vw, 1080px\" \/><\/span><\/figure><\/div>\n\n\n\n<div class=\"wp-block-stackable-heading stk-block-heading stk-block-heading--v2 stk-block stk-9a9173f\" id=\"strong-certificaciones-strong\" data-block-id=\"9a9173f\"><h3 class=\"stk-block-heading__text\"><strong>CERTIFICACIONES<\/strong><\/h3><\/div>\n\n\n\n<div class=\"wp-block-stackable-text stk-block-text stk-block stk-1228ae1\" data-block-id=\"1228ae1\"><style>.stk-1228ae1 .stk-block-text__text{font-size:17px !important;}@media screen and (max-width: 1023px){.stk-1228ae1 .stk-block-text__text{font-size:17px !important;}}@media screen and (max-width: 767px){.stk-1228ae1 .stk-block-text__text{font-size:14px !important;}}<\/style><p class=\"stk-block-text__text has-text-align-left\"><span style=\"color: var(--ast-global-color-8);\" class=\"stk-highlight\"><strong>Sello de la Casa<\/strong>, es una certificaci\u00f3n otorgada por CEMEX, donde reconoce a los negocios que alcanzan excelencia operativa, de servicio e imagen en \u00e1reas clave como ventas, entregas, personal y almac\u00e9n.<strong> Nos enorgullece haber obtenido esta distinci\u00f3n en cuatro ocasiones consecutivas<\/strong>, afirmando nuestro compromiso con la calidad y la mejora continua.<\/span><\/p><\/div>\n\n\n\n<div class=\"wp-block-stackable-text stk-block-text stk-block stk-607455b\" data-block-id=\"607455b\"><style>.stk-607455b .stk-block-text__text{font-size:17px !important;}@media screen and (max-width: 1023px){.stk-607455b .stk-block-text__text{font-size:17px !important;}}@media screen and (max-width: 767px){.stk-607455b .stk-block-text__text{font-size:14px !important;}}<\/style><p class=\"stk-block-text__text has-text-align-left\"><span style=\"color: var(--ast-global-color-8);\" class=\"stk-highlight\"><span style=\"color: var(--ast-global-color-8);\" class=\"stk-highlight\">Gracias a esta certificaci\u00f3n,<strong> hemos logrado no solo un mejor control y eficiencia en nuestras operaciones, sino tambi\u00e9n resultados sobresalientes que reflejan nuestro compromiso con la excelencia y el crecimiento sostenible<\/strong>.<\/span><\/span><\/p><\/div>\n\n\n\n<div class=\"wp-block-stackable-text stk-block-text stk-block stk-783c26c\" data-block-id=\"783c26c\"><style>.stk-783c26c .stk-block-text__text{font-size:17px !important;}@media screen and (max-width: 1023px){.stk-783c26c .stk-block-text__text{font-size:17px !important;}}@media screen and (max-width: 767px){.stk-783c26c .stk-block-text__text{font-size:14px !important;}}<\/style><p class=\"stk-block-text__text has-text-align-left\"><span style=\"color: var(--ast-global-color-8);\" class=\"stk-highlight\"><span style=\"color: var(--ast-global-color-8);\" class=\"stk-highlight\"><strong>Negocios certificados como el nuestro<\/strong> reportan indicadores positivos como incremento en la rentabilidad, reducci\u00f3n de costos y mayor satisfacci\u00f3n de nuestros clientes, consolid\u00e1ndonos como l\u00edderes en el sector.<\/span><\/span><\/p><\/div>\n<\/div><\/div><\/div>\n\n\n\n<div class=\"wp-block-stackable-column stk-block-column stk-column stk-block stk-df33c96\" data-v=\"4\" data-block-id=\"df33c96\"><div class=\"stk-column-wrapper stk-block-column__content stk-container stk-df33c96-container stk-hover-parent\"><div class=\"stk-block-content stk-inner-blocks stk-df33c96-inner-blocks\">\n<div class=\"wp-block-stackable-image stk-block-image stk-block stk-184c750\" data-block-id=\"184c750\"><style>.stk-184c750 .stk-img-wrapper{width:75% !important;}@media screen and (max-width: 767px){.stk-184c750 {margin-top:-30px !important;margin-bottom:-30px !important;}}<\/style><figure><span class=\"stk-img-wrapper stk-image--shape-stretch\"><img loading=\"lazy\" decoding=\"async\" class=\"stk-img wp-image-2571\" src=\"https:\/\/gruporagal.net\/wp-content\/uploads\/2025\/02\/19.png\" width=\"1080\" height=\"1080\" srcset=\"https:\/\/gruporagal.net\/wp-content\/uploads\/2025\/02\/19.png 1080w, https:\/\/gruporagal.net\/wp-content\/uploads\/2025\/02\/19-300x300.png 300w, https:\/\/gruporagal.net\/wp-content\/uploads\/2025\/02\/19-1024x1024.png 1024w, https:\/\/gruporagal.net\/wp-content\/uploads\/2025\/02\/19-150x150.png 150w, https:\/\/gruporagal.net\/wp-content\/uploads\/2025\/02\/19-768x768.png 768w, https:\/\/gruporagal.net\/wp-content\/uploads\/2025\/02\/19-600x600.png 600w, https:\/\/gruporagal.net\/wp-content\/uploads\/2025\/02\/19-100x100.png 100w\" sizes=\"auto, (max-width: 1080px) 100vw, 1080px\" \/><\/span><\/figure><\/div>\n\n\n\n<div class=\"wp-block-stackable-heading stk-block-heading stk-block-heading--v2 stk-block stk-7732ff2\" id=\"strong-valores-strong\" data-block-id=\"7732ff2\"><h3 class=\"stk-block-heading__text\"><strong>VALORES<\/strong><\/h3><\/div>\n\n\n\n<ul class=\"wp-block-list\">\n<li><span style=\"color: var(--ast-global-color-8);\" class=\"stk-highlight\"><strong>Trabajo en Equipo.<\/strong> Colaboraci\u00f3n entre departamentos para alcanzar metas comunes y mejorar el rendimiento general de la empresa.<\/span><\/li>\n<\/ul>\n\n\n\n<ul class=\"wp-block-list\">\n<li><span style=\"color: var(--ast-global-color-8);\" class=\"stk-highlight\"><strong>Eficiencia Operativa.<\/strong> En procesos log\u00edsticos, distribuci\u00f3n y atenci\u00f3n al cliente para ofrecer soluciones r\u00e1pidas y efectivas.<\/span><\/li>\n<\/ul>\n\n\n\n<ul class=\"wp-block-list\">\n<li><span style=\"color: var(--ast-global-color-8);\" class=\"stk-highlight\"><strong>Experiencia del Cliente.<\/strong> Superar las expectativas de los clientes a trav\u00e9s de un servicio eficiente, cercano y profesional.<\/span><\/li>\n<\/ul>\n\n\n\n<ul class=\"wp-block-list\">\n<li><span style=\"color: var(--ast-global-color-8);\" class=\"stk-highlight\"><strong>Transparencia y \u00c9tica empresarial.<\/strong> Actuar con integridad en todas las operaciones, manteniendo relaciones de confianza con clientes, proveedores y colaboradores.<\/span><\/li>\n<\/ul>\n\n\n\n<ul class=\"wp-block-list\">\n<li><span style=\"color: var(--ast-global-color-8);\" class=\"stk-highlight\"><strong>Innovaci\u00f3n Constante.<\/strong> B\u00fasqueda permanente de nuevos productos, tecnolog\u00edas y procesos que mejoren la oferta y optimicen los resultados en los proyectos de los clientes.<\/span><\/li>\n<\/ul>\n<\/div><\/div><\/div>\n<\/div><\/div>\n\n\n\n<div class=\"wp-block-stackable-call-to-action stk-block-call-to-action stk-block stk-5964624 is-style-default\" data-v=\"2\" data-block-id=\"5964624\"><div class=\"stk-block-call-to-action__content stk-content-align stk-5964624-column stk-container stk-5964624-container stk-hover-parent\"><div class=\"has-text-align-center stk-block-content stk-inner-blocks stk-5964624-inner-blocks\">\n<div class=\"wp-block-stackable-button-group stk-block-button-group stk-block stk-6a04b1e\" data-block-id=\"6a04b1e\"><div class=\"stk-row stk-inner-blocks stk-block-content stk-button-group\">\n<div class=\"wp-block-stackable-button stk-block-button is-style-ghost stk-block stk-5538223\" data-block-id=\"5538223\"><style>.stk-5538223 .stk-button{background:transparent !important;}.stk-5538223 .stk-button:hover:after{background:transparent !important;opacity:1 !important;}:where(.stk-hover-parent:hover,  .stk-hover-parent.stk--is-hovered) .stk-5538223 .stk-button:after{background:transparent !important;opacity:1 !important;}.stk-5538223 .stk-button:before{border-style:solid !important;}<\/style><a class=\"stk-link stk-button stk--hover-effect-darken\" href=\"\" target=\"_blank\" rel=\"https:\/\/www.instagram.com\/grupo_ragal\/ noreferrer noopener\"><span class=\"stk-button__inner-text\"><strong>S\u00cdGUENOS EN INSTAGRAM<\/strong><\/span><span class=\"stk--svg-wrapper\"><div class=\"stk--inner-svg\"><svg xmlns=\"http:\/\/www.w3.org\/2000\/svg\" viewBox=\"0 0 448 512\" aria-hidden=\"true\" width=\"32\" height=\"32\"><path d=\"M194.4 211.7a53.3 53.3 0 1 0 59.3 88.7 53.3 53.3 0 1 0 -59.3-88.7zm142.3-68.4c-5.2-5.2-11.5-9.3-18.4-12c-18.1-7.1-57.6-6.8-83.1-6.5c-4.1 0-7.9 .1-11.2 .1c-3.3 0-7.2 0-11.4-.1c-25.5-.3-64.8-.7-82.9 6.5c-6.9 2.7-13.1 6.8-18.4 12s-9.3 11.5-12 18.4c-7.1 18.1-6.7 57.7-6.5 83.2c0 4.1 .1 7.9 .1 11.1s0 7-.1 11.1c-.2 25.5-.6 65.1 6.5 83.2c2.7 6.9 6.8 13.1 12 18.4s11.5 9.3 18.4 12c18.1 7.1 57.6 6.8 83.1 6.5c4.1 0 7.9-.1 11.2-.1c3.3 0 7.2 0 11.4 .1c25.5 .3 64.8 .7 82.9-6.5c6.9-2.7 13.1-6.8 18.4-12s9.3-11.5 12-18.4c7.2-18 6.8-57.4 6.5-83c0-4.2-.1-8.1-.1-11.4s0-7.1 .1-11.4c.3-25.5 .7-64.9-6.5-83l0 0c-2.7-6.9-6.8-13.1-12-18.4zm-67.1 44.5A82 82 0 1 1 178.4 324.2a82 82 0 1 1 91.1-136.4zm29.2-1.3c-3.1-2.1-5.6-5.1-7.1-8.6s-1.8-7.3-1.1-11.1s2.6-7.1 5.2-9.8s6.1-4.5 9.8-5.2s7.6-.4 11.1 1.1s6.5 3.9 8.6 7s3.2 6.8 3.2 10.6c0 2.5-.5 5-1.4 7.3s-2.4 4.4-4.1 6.2s-3.9 3.2-6.2 4.2s-4.8 1.5-7.3 1.5l0 0c-3.8 0-7.5-1.1-10.6-3.2zM448 96c0-35.3-28.7-64-64-64H64C28.7 32 0 60.7 0 96V416c0 35.3 28.7 64 64 64H384c35.3 0 64-28.7 64-64V96zM357 389c-18.7 18.7-41.4 24.6-67 25.9c-26.4 1.5-105.6 1.5-132 0c-25.6-1.3-48.3-7.2-67-25.9s-24.6-41.4-25.8-67c-1.5-26.4-1.5-105.6 0-132c1.3-25.6 7.1-48.3 25.8-67s41.5-24.6 67-25.8c26.4-1.5 105.6-1.5 132 0c25.6 1.3 48.3 7.1 67 25.8s24.6 41.4 25.8 67c1.5 26.3 1.5 105.4 0 131.9c-1.3 25.6-7.1 48.3-25.8 67z\"\/><\/svg><\/div><\/span><\/a><\/div>\n<\/div><\/div>\n<\/div><a class=\"stk-link stk-block-link stk--transparent-overlay\" href=\"https:\/\/www.instagram.com\/grupo_ragal\/\" aria-hidden=\"true\" tabindex=\"-1\"><\/a><\/div><\/div>\n\n\n\n<div class=\"wp-block-uagb-image alignfull uagb-block-0fd3f183 wp-block-uagb-image--layout-default wp-block-uagb-image--effect-static wp-block-uagb-image--align-full\"><figure class=\"wp-block-uagb-image__figure\"><img decoding=\"async\" srcset=\"https:\/\/gruporagal.net\/wp-content\/uploads\/2025\/02\/frase-1024x256.gif ,https:\/\/gruporagal.net\/wp-content\/uploads\/2025\/02\/frase.gif 780w, https:\/\/gruporagal.net\/wp-content\/uploads\/2025\/02\/frase.gif 360w\" sizes=\"auto, (max-width: 480px) 150px\" src=\"https:\/\/gruporagal.net\/wp-content\/uploads\/2025\/02\/frase-1024x256.gif\" alt=\"\" class=\"uag-image-2602\" width=\"1024\" height=\"256\" title=\"frase\" loading=\"lazy\" role=\"img\"\/><\/figure><\/div>\n\n\n\n<p><\/p>\n","protected":false},"excerpt":{"rendered":"<p>CONSTRUYENDO SUE\u00d1OS DESDE 1991 Hace m\u00e1s de tres d\u00e9cadas, en el a\u00f1o de 1991, nuestro fundador, el C.P. Alfonso Ram\u00edrez [&hellip;]<\/p>\n","protected":false},"author":1,"featured_media":0,"parent":0,"menu_order":0,"comment_status":"closed","ping_status":"closed","template":"","meta":{"_uag_custom_page_level_css":"","site-sidebar-layout":"default","site-content-layout":"","ast-site-content-layout":"","site-content-style":"default","site-sidebar-style":"default","ast-global-header-display":"","ast-banner-title-visibility":"","ast-main-header-display":"","ast-hfb-above-header-display":"","ast-hfb-below-header-display":"","ast-hfb-mobile-header-display":"","site-post-title":"","ast-breadcrumbs-content":"","ast-featured-img":"","footer-sml-layout":"","theme-transparent-header-meta":"","adv-header-id-meta":"","stick-header-meta":"","header-above-stick-meta":"","header-main-stick-meta":"","header-below-stick-meta":"","astra-migrate-meta-layouts":"default","ast-page-background-enabled":"default","ast-page-background-meta":{"desktop":{"background-color":"var(--ast-global-color-4)","background-image":"","background-repeat":"repeat","background-position":"center center","background-size":"auto","background-attachment":"scroll","background-type":"","background-media":"","overlay-type":"","overlay-color":"","overlay-opacity":"","overlay-gradient":""},"tablet":{"background-color":"","background-image":"","background-repeat":"repeat","background-position":"center center","background-size":"auto","background-attachment":"scroll","background-type":"","background-media":"","overlay-type":"","overlay-color":"","overlay-opacity":"","overlay-gradient":""},"mobile":{"background-color":"","background-image":"","background-repeat":"repeat","background-position":"center center","background-size":"auto","background-attachment":"scroll","background-type":"","background-media":"","overlay-type":"","overlay-color":"","overlay-opacity":"","overlay-gradient":""}},"ast-content-background-meta":{"desktop":{"background-color":"var(--ast-global-color-5)","background-image":"","background-repeat":"repeat","background-position":"center center","background-size":"auto","background-attachment":"scroll","background-type":"","background-media":"","overlay-type":"","overlay-color":"","overlay-opacity":"","overlay-gradient":""},"tablet":{"background-color":"var(--ast-global-color-5)","background-image":"","background-repeat":"repeat","background-position":"center center","background-size":"auto","background-attachment":"scroll","background-type":"","background-media":"","overlay-type":"","overlay-color":"","overlay-opacity":"","overlay-gradient":""},"mobile":{"background-color":"var(--ast-global-color-5)","background-image":"","background-repeat":"repeat","background-position":"center center","background-size":"auto","background-attachment":"scroll","background-type":"","background-media":"","overlay-type":"","overlay-color":"","overlay-opacity":"","overlay-gradient":""}},"footnotes":""},"class_list":["post-454","page","type-page","status-publish","hentry"],"uagb_featured_image_src":{"full":false,"thumbnail":false,"medium":false,"medium_large":false,"large":false,"1536x1536":false,"2048x2048":false,"woocommerce_thumbnail":false,"woocommerce_single":false,"woocommerce_gallery_thumbnail":false},"uagb_author_info":{"display_name":"gruporagal.net","author_link":"https:\/\/gruporagal.net\/index.php\/author\/gruporagal-net\/"},"uagb_comment_info":0,"uagb_excerpt":"CONSTRUYENDO SUE\u00d1OS DESDE 1991 Hace m\u00e1s de tres d\u00e9cadas, en el a\u00f1o de 1991, nuestro fundador, el C.P. Alfonso Ram\u00edrez [&hellip;]","_links":{"self":[{"href":"https:\/\/gruporagal.net\/index.php\/wp-json\/wp\/v2\/pages\/454","targetHints":{"allow":["GET"]}}],"collection":[{"href":"https:\/\/gruporagal.net\/index.php\/wp-json\/wp\/v2\/pages"}],"about":[{"href":"https:\/\/gruporagal.net\/index.php\/wp-json\/wp\/v2\/types\/page"}],"author":[{"embeddable":true,"href":"https:\/\/gruporagal.net\/index.php\/wp-json\/wp\/v2\/users\/1"}],"replies":[{"embeddable":true,"href":"https:\/\/gruporagal.net\/index.php\/wp-json\/wp\/v2\/comments?post=454"}],"version-history":[{"count":193,"href":"https:\/\/gruporagal.net\/index.php\/wp-json\/wp\/v2\/pages\/454\/revisions"}],"predecessor-version":[{"id":3155,"href":"https:\/\/gruporagal.net\/index.php\/wp-json\/wp\/v2\/pages\/454\/revisions\/3155"}],"wp:attachment":[{"href":"https:\/\/gruporagal.net\/index.php\/wp-json\/wp\/v2\/media?parent=454"}],"curies":[{"name":"wp","href":"https:\/\/api.w.org\/{rel}","templated":true}]}}