{"id":1719,"date":"2024-10-22T13:43:55","date_gmt":"2024-10-22T19:43:55","guid":{"rendered":"https:\/\/gruporagal.net\/?page_id=1719"},"modified":"2025-10-25T05:21:14","modified_gmt":"2025-10-25T11:21:14","slug":"vacantes","status":"publish","type":"page","link":"https:\/\/gruporagal.net\/index.php\/vacantes\/","title":{"rendered":"VACANTES"},"content":{"rendered":"\n<div class=\"wp-block-uagb-advanced-heading uagb-block-87131dfe\"><h1 class=\"uagb-heading-text\"><strong>\u00a1\u00daNETE A NUESTRO EQUIPO DE TRABAJO!<\/strong><\/h1><\/div>\n\n\n\n<div class=\"wp-block-uagb-image uagb-block-e8c96538 wp-block-uagb-image--layout-default wp-block-uagb-image--effect-static wp-block-uagb-image--align-none\"><figure class=\"wp-block-uagb-image__figure\"><img decoding=\"async\" srcset=\"https:\/\/gruporagal.net\/wp-content\/uploads\/2025\/02\/3-1024x256.png ,https:\/\/gruporagal.net\/wp-content\/uploads\/2025\/02\/3.png 780w, https:\/\/gruporagal.net\/wp-content\/uploads\/2025\/02\/3.png 360w\" sizes=\"auto, (max-width: 480px) 150px\" src=\"https:\/\/gruporagal.net\/wp-content\/uploads\/2025\/02\/3-1024x256.png\" alt=\"\" class=\"uag-image-2598\" width=\"1024\" height=\"256\" title=\"3\" loading=\"lazy\" role=\"img\"\/><\/figure><\/div>\n\n\n\n<div class=\"wp-block-uagb-container @media only screen and (max-width:780px) { p.has-text-align-center.has-large-font-size font-size:25px!important; line-height: 1.6; } uagb-block-c790d29f alignfull uagb-is-root-container\"><div class=\"uagb-container-inner-blocks-wrap\">\n<div class=\"wp-block-stackable-text stk-block-text stk-block stk-bbb44c3\" data-block-id=\"bbb44c3\"><style>.stk-bbb44c3 {margin-bottom:15px !important;}.stk-bbb44c3 .stk-block-text__text{font-size:20px !important;}@media screen and (max-width: 1023px){.stk-bbb44c3 .stk-block-text__text{font-size:20px !important;}}@media screen and (max-width: 767px){.stk-bbb44c3 .stk-block-text__text{font-size:14px !important;}}<\/style><p class=\"stk-block-text__text\"><span style=\"color: var(--ast-global-color-8);\" class=\"stk-highlight\"><span style=\"color: var(--ast-global-color-8);\" class=\"stk-highlight\">En nuestra empresa, estamos convencidos de que la diversidad es una fortaleza que nos enriquece y nos impulsa a ser mejores cada d\u00eda. Creemos en brindar acceso equitativo a oportunidades para que cada persona pueda desarrollar su m\u00e1ximo potencial.<\/span><\/span><\/p><\/div>\n\n\n\n<div class=\"wp-block-stackable-text stk-block-text stk-block stk-0964cf9\" data-block-id=\"0964cf9\"><style>.stk-0964cf9 {margin-bottom:15px !important;}.stk-0964cf9 .stk-block-text__text{font-size:20px !important;}@media screen and (max-width: 1023px){.stk-0964cf9 .stk-block-text__text{font-size:20px !important;}}@media screen and (max-width: 767px){.stk-0964cf9 .stk-block-text__text{font-size:14px !important;}}<\/style><p class=\"stk-block-text__text\"><span style=\"color: var(--ast-global-color-8);\" class=\"stk-highlight\">Fomentamos un entorno donde cada colaborador se siente valorado, respetado y plenamente integrado, compartiendo nuestro prop\u00f3sito y visi\u00f3n. Somos un equipo din\u00e1mico e innovador, abierto a nuevas formas de trabajar y comprometido con el crecimiento continuo.<\/span><\/p><\/div>\n\n\n\n<div class=\"wp-block-stackable-text stk-block-text stk-block stk-a12c7b6\" data-block-id=\"a12c7b6\"><style>.stk-a12c7b6 {margin-bottom:24px !important;}.stk-a12c7b6 .stk-block-text__text{font-size:20px !important;}@media screen and (max-width: 1023px){.stk-a12c7b6 .stk-block-text__text{font-size:20px !important;}}@media screen and (max-width: 767px){.stk-a12c7b6 .stk-block-text__text{font-size:14px !important;}}<\/style><p class=\"stk-block-text__text\"><span style=\"color: var(--ast-global-color-8);\" class=\"stk-highlight\">Nuestros colaboradores son el motor que impulsa nuestro \u00e9xito, aprovechando cada oportunidad para desarrollar su talento y construir juntos un futuro mejor. \u00a1S\u00e9 parte de esta transformaci\u00f3n y ay\u00fadanos a seguir creciendo!<\/span><\/p><\/div>\n<\/div><\/div>\n\n\n\n<div class=\"wp-block-uagb-advanced-heading uagb-block-bbbf6990\"><h2 class=\"uagb-heading-text\"><strong><span style=\"color: var(--ast-global-color-1);\" class=\"stk-highlight\"><em>\u00bfEst\u00e1s listo para unirte a una empresa que valora tu talento?<\/em> <\/span><\/strong><\/h2><\/div>\n\n\n\n<div class=\"wp-block-stackable-columns stk-block-columns stk--hide-tablet stk--hide-mobile stk-block stk-0827d69\" data-block-id=\"0827d69\"><div class=\"stk-row stk-inner-blocks stk-block-content stk-content-align stk-0827d69-column\">\n<div class=\"wp-block-stackable-column stk-block-column stk-column stk-block stk-e5e8b7d\" data-v=\"4\" data-block-id=\"e5e8b7d\"><div class=\"stk-column-wrapper stk-block-column__content stk-container stk-e5e8b7d-container stk--no-background stk--no-padding\"><div class=\"stk-block-content stk-inner-blocks stk-e5e8b7d-inner-blocks\">\n<figure class=\"wp-block-gallery has-nested-images columns-default is-cropped wp-block-gallery-1 is-layout-flex wp-block-gallery-is-layout-flex\">\n<figure class=\"wp-block-image size-large\"><img loading=\"lazy\" decoding=\"async\" width=\"731\" height=\"1024\" src=\"https:\/\/gruporagal.net\/wp-content\/uploads\/2025\/10\/IMG_6305-731x1024.jpg\" alt=\"\" class=\"wp-image-3119\" srcset=\"https:\/\/gruporagal.net\/wp-content\/uploads\/2025\/10\/IMG_6305-731x1024.jpg 731w, https:\/\/gruporagal.net\/wp-content\/uploads\/2025\/10\/IMG_6305-214x300.jpg 214w, https:\/\/gruporagal.net\/wp-content\/uploads\/2025\/10\/IMG_6305-768x1076.jpg 768w, https:\/\/gruporagal.net\/wp-content\/uploads\/2025\/10\/IMG_6305-1096x1536.jpg 1096w, https:\/\/gruporagal.net\/wp-content\/uploads\/2025\/10\/IMG_6305-600x841.jpg 600w, https:\/\/gruporagal.net\/wp-content\/uploads\/2025\/10\/IMG_6305.jpg 1142w\" sizes=\"auto, (max-width: 731px) 100vw, 731px\" \/><\/figure>\n\n\n\n<figure class=\"wp-block-image size-large\"><img loading=\"lazy\" decoding=\"async\" width=\"731\" height=\"1024\" src=\"https:\/\/gruporagal.net\/wp-content\/uploads\/2025\/10\/IMG_6306-731x1024.jpg\" alt=\"\" class=\"wp-image-3120\" srcset=\"https:\/\/gruporagal.net\/wp-content\/uploads\/2025\/10\/IMG_6306-731x1024.jpg 731w, https:\/\/gruporagal.net\/wp-content\/uploads\/2025\/10\/IMG_6306-214x300.jpg 214w, https:\/\/gruporagal.net\/wp-content\/uploads\/2025\/10\/IMG_6306-768x1076.jpg 768w, https:\/\/gruporagal.net\/wp-content\/uploads\/2025\/10\/IMG_6306-1096x1536.jpg 1096w, https:\/\/gruporagal.net\/wp-content\/uploads\/2025\/10\/IMG_6306-600x841.jpg 600w, https:\/\/gruporagal.net\/wp-content\/uploads\/2025\/10\/IMG_6306.jpg 1142w\" sizes=\"auto, (max-width: 731px) 100vw, 731px\" \/><\/figure>\n<\/figure>\n<\/div><\/div><\/div>\n<\/div><\/div>\n\n\n\n<div class=\"wp-block-uagb-container uag-hide-desktop uagb-block-47562e0e alignfull uagb-is-root-container\"><div class=\"uagb-container-inner-blocks-wrap\"><\/div><\/div>\n\n\n\n<div class=\"wp-block-uagb-container uagb-block-9b233199 alignfull uagb-is-root-container\"><div class=\"uagb-container-inner-blocks-wrap\">\n<div class=\"wp-block-uagb-container uagb-block-14cb51de\">\n<div class=\"wp-block-uagb-info-box uagb-block-2b514f14 uagb-infobox__content-wrap  uagb-infobox-icon-above-title uagb-infobox-image-valign-top\"><div class=\"uagb-ifb-content\"><div class=\"uagb-ifb-title-wrap\"><h3 class=\"uagb-ifb-title\"><span style=\"color: var(--ast-global-color-8);\" class=\"stk-highlight\">Env\u00edanos un mensaje, adjuntando:<\/span><br><\/h3><\/div><p class=\"uagb-ifb-desc\"><span style=\"color: var(--ast-global-color-7);\" class=\"stk-highlight\">\u25ae  Curricul<\/span><span style=\"color: var(--ast-global-color-8);\" class=\"stk-highlight\">um con fotograf\u00eda<\/span><br><\/p><\/div><\/div>\n<\/div>\n\n\n\n<div class=\"wp-block-uagb-container uagb-block-63d59e1b\"><form id=\"forminator-module-1767\" class=\"forminator-custom-form forminator-custom-form-1767\" method=\"post\" data-forminator-render=\"0\" data-uid=\"69e23163ede9f\"><div role=\"alert\" aria-live=\"polite\" class=\"forminator-response-message forminator-error\" aria-hidden=\"true\"><\/div><\/form>\n<\/div>\n<\/div><\/div>\n\n\n\n<div class=\"wp-block-uagb-container uagb-block-4318e8ca alignfull uagb-is-root-container\"><div class=\"uagb-container-inner-blocks-wrap\">\n<header class=\"wp-block-uagb-advanced-heading uagb-block-c2ad20e9\"><h2 class=\"uagb-heading-text\"><strong>PREP\u00c1RATE PARA DESTACAR<\/strong><\/h2><\/header>\n\n\n\n<div class=\"wp-block-stackable-text stk-block-text stk-block stk-dbee663\" data-block-id=\"dbee663\"><style>.stk-dbee663 {max-width:807px !important;min-width:auto !important;margin-right:auto !important;margin-left:auto !important;}.stk-dbee663 .stk-block-text__text{font-size:20px !important;font-family:\"Roboto\", Sans-serif !important;}@media screen and (max-width: 1023px){.stk-dbee663 .stk-block-text__text{font-size:20px !important;}}@media screen and (max-width: 767px){.stk-dbee663 .stk-block-text__text{font-size:15px !important;}}<\/style><p class=\"stk-block-text__text has-text-align-center\"><span style=\"color: var(--ast-global-color-8);\" class=\"stk-highlight\"><strong>Muestra tu entusiasmo por formar parte de nuestro equipo y no dudes en compartir c\u00f3mo tus habilidades y experiencia pueden contribuir a nuestra visi\u00f3n.<\/strong><\/span><\/p><\/div>\n\n\n\n<div class=\"wp-block-uagb-container uagb-block-f3524ca0\">\n<div class=\"wp-block-uagb-advanced-heading uagb-block-72de68d2\"><h5 class=\"uagb-heading-text\"><strong><strong>Re\u00fane la documentaci\u00f3n completa<\/strong>:<\/strong><\/h5><\/div>\n\n\n\n<div class=\"wp-block-uagb-container uagb-block-1df820de\">\n<ul class=\"wp-block-list has-ast-global-color-6-color has-text-color has-link-color wp-elements-6e27a7f83a3d084f35cddb7a6d60babe\">\n<li style=\"margin-top:var(--wp--preset--spacing--20);margin-right:0;margin-bottom:var(--wp--preset--spacing--20);margin-left:0\"><span style=\"color: #000000fc;\" class=\"stk-highlight\">Solicitud de empleo<\/span><\/li>\n\n\n\n<li class=\"has-ast-global-color-8-color has-text-color has-link-color wp-elements-3f135bd154292a8c98a8209dc15b6ced\">Dos cartas de recomendaci\u00f3n<\/li>\n\n\n\n<li class=\"has-ast-global-color-8-color has-text-color has-link-color wp-elements-ae047c7f52012f3bfd6d2afe2ba98f74\">Acta de nacimiento<\/li>\n\n\n\n<li class=\"has-ast-global-color-8-color has-text-color has-link-color wp-elements-35d547bdf195e083fc6007fbf56bb09c\">CURP<\/li>\n\n\n\n<li class=\"has-ast-global-color-8-color has-text-color has-link-color wp-elements-7c4783a1ba8ba034695b8ec6b3f72548\">Copia de identificaci\u00f3n oficial<\/li>\n\n\n\n<li class=\"has-ast-global-color-8-color has-text-color has-link-color wp-elements-dd5d77c09f918f504978d90da77bdb7f\">Comprobante de estudios<\/li>\n\n\n\n<li class=\"has-ast-global-color-8-color has-text-color has-link-color wp-elements-8ddf8dc22f5c858aabff28fb3bf7ef02\">Comprobante de domicilio<\/li>\n<\/ul>\n<\/div>\n\n\n\n<div class=\"wp-block-uagb-container uagb-block-d2e2a2c3\"><\/div>\n<\/div>\n\n\n\n<div class=\"wp-block-uagb-container uagb-block-8efb9b23\">\n<div class=\"wp-block-uagb-advanced-heading uagb-block-736fcd4c\"><h5 class=\"uagb-heading-text\"><strong>Organ\u00edzate:<\/strong><\/h5><\/div>\n\n\n\n<div class=\"wp-block-uagb-container uagb-block-e5f8d4c7\">\n<ul class=\"wp-block-list has-ast-global-color-6-color has-text-color has-link-color wp-elements-8d91b5ff634b5958a89120e7a3d785ca\">\n<li style=\"margin-top:var(--wp--preset--spacing--20);margin-right:0;margin-bottom:var(--wp--preset--spacing--20);margin-left:0\"><span style=\"color: var(--ast-global-color-8);\" class=\"stk-highlight\"><strong>Investiga sobre la empresa:<\/strong> Aprende sobre nuestra misi\u00f3n, visi\u00f3n, valores y servicios. Conocer qui\u00e9nes somos te ayudar\u00e1 a destacar en la entrevista.<\/span><\/li>\n\n\n\n<li><span style=\"color: var(--ast-global-color-8);\" class=\"stk-highlight\"><span style=\"color: var(--ast-global-color-8);\" class=\"stk-highlight\"><strong>Revisa tus habilidades:<\/strong> Identifica c\u00f3mo tus conocimientos y experiencia se relacionan con el puesto al que te postulas. Prep\u00e1rate para destacar tus logros m\u00e1s relevantes.<\/span><\/span><\/li>\n\n\n\n<li><span style=\"color: var(--ast-global-color-8);\" class=\"stk-highlight\"><span style=\"color: var(--ast-global-color-8);\" class=\"stk-highlight\"><strong>Actualiza tu CV:<\/strong> Aseg\u00farate de que tu curr\u00edculum est\u00e9 actualizado, claro y organizado, destacando la experiencia m\u00e1s relevante.<\/span><\/span><\/li>\n<\/ul>\n<\/div>\n\n\n\n<div class=\"wp-block-uagb-container uagb-block-cffae579\"><\/div>\n\n\n\n<div class=\"wp-block-uagb-separator uagb-block-4cabd0e7\"><div class=\"wp-block-uagb-separator__inner\" style=\"--my-background-image:\"><\/div><\/div>\n<\/div>\n<\/div><\/div>\n\n\n\n<p><\/p>\n","protected":false},"excerpt":{"rendered":"<p>\u00a1\u00daNETE A NUESTRO EQUIPO DE TRABAJO! En nuestra empresa, estamos convencidos de que la diversidad es una fortaleza que nos [&hellip;]<\/p>\n","protected":false},"author":1,"featured_media":0,"parent":0,"menu_order":0,"comment_status":"closed","ping_status":"closed","template":"","meta":{"_uag_custom_page_level_css":"","site-sidebar-layout":"default","site-content-layout":"","ast-site-content-layout":"","site-content-style":"default","site-sidebar-style":"default","ast-global-header-display":"","ast-banner-title-visibility":"","ast-main-header-display":"","ast-hfb-above-header-display":"","ast-hfb-below-header-display":"","ast-hfb-mobile-header-display":"","site-post-title":"","ast-breadcrumbs-content":"","ast-featured-img":"","footer-sml-layout":"","theme-transparent-header-meta":"","adv-header-id-meta":"","stick-header-meta":"","header-above-stick-meta":"","header-main-stick-meta":"","header-below-stick-meta":"","astra-migrate-meta-layouts":"default","ast-page-background-enabled":"default","ast-page-background-meta":{"desktop":{"background-color":"var(--ast-global-color-4)","background-image":"","background-repeat":"repeat","background-position":"center center","background-size":"auto","background-attachment":"scroll","background-type":"","background-media":"","overlay-type":"","overlay-color":"","overlay-opacity":"","overlay-gradient":""},"tablet":{"background-color":"","background-image":"","background-repeat":"repeat","background-position":"center center","background-size":"auto","background-attachment":"scroll","background-type":"","background-media":"","overlay-type":"","overlay-color":"","overlay-opacity":"","overlay-gradient":""},"mobile":{"background-color":"","background-image":"","background-repeat":"repeat","background-position":"center center","background-size":"auto","background-attachment":"scroll","background-type":"","background-media":"","overlay-type":"","overlay-color":"","overlay-opacity":"","overlay-gradient":""}},"ast-content-background-meta":{"desktop":{"background-color":"var(--ast-global-color-5)","background-image":"","background-repeat":"repeat","background-position":"center center","background-size":"auto","background-attachment":"scroll","background-type":"","background-media":"","overlay-type":"","overlay-color":"","overlay-opacity":"","overlay-gradient":""},"tablet":{"background-color":"var(--ast-global-color-5)","background-image":"","background-repeat":"repeat","background-position":"center center","background-size":"auto","background-attachment":"scroll","background-type":"","background-media":"","overlay-type":"","overlay-color":"","overlay-opacity":"","overlay-gradient":""},"mobile":{"background-color":"var(--ast-global-color-5)","background-image":"","background-repeat":"repeat","background-position":"center center","background-size":"auto","background-attachment":"scroll","background-type":"","background-media":"","overlay-type":"","overlay-color":"","overlay-opacity":"","overlay-gradient":""}},"footnotes":""},"class_list":["post-1719","page","type-page","status-publish","hentry"],"uagb_featured_image_src":{"full":false,"thumbnail":false,"medium":false,"medium_large":false,"large":false,"1536x1536":false,"2048x2048":false,"woocommerce_thumbnail":false,"woocommerce_single":false,"woocommerce_gallery_thumbnail":false},"uagb_author_info":{"display_name":"gruporagal.net","author_link":"https:\/\/gruporagal.net\/index.php\/author\/gruporagal-net\/"},"uagb_comment_info":0,"uagb_excerpt":"\u00a1\u00daNETE A NUESTRO EQUIPO DE TRABAJO! En nuestra empresa, estamos convencidos de que la diversidad es una fortaleza que nos [&hellip;]","_links":{"self":[{"href":"https:\/\/gruporagal.net\/index.php\/wp-json\/wp\/v2\/pages\/1719","targetHints":{"allow":["GET"]}}],"collection":[{"href":"https:\/\/gruporagal.net\/index.php\/wp-json\/wp\/v2\/pages"}],"about":[{"href":"https:\/\/gruporagal.net\/index.php\/wp-json\/wp\/v2\/types\/page"}],"author":[{"embeddable":true,"href":"https:\/\/gruporagal.net\/index.php\/wp-json\/wp\/v2\/users\/1"}],"replies":[{"embeddable":true,"href":"https:\/\/gruporagal.net\/index.php\/wp-json\/wp\/v2\/comments?post=1719"}],"version-history":[{"count":191,"href":"https:\/\/gruporagal.net\/index.php\/wp-json\/wp\/v2\/pages\/1719\/revisions"}],"predecessor-version":[{"id":3122,"href":"https:\/\/gruporagal.net\/index.php\/wp-json\/wp\/v2\/pages\/1719\/revisions\/3122"}],"wp:attachment":[{"href":"https:\/\/gruporagal.net\/index.php\/wp-json\/wp\/v2\/media?parent=1719"}],"curies":[{"name":"wp","href":"https:\/\/api.w.org\/{rel}","templated":true}]}}