{"id":1293,"date":"2024-09-25T18:38:59","date_gmt":"2024-09-26T00:38:59","guid":{"rendered":"https:\/\/gruporagal.net\/?page_id=1293"},"modified":"2025-11-20T15:57:37","modified_gmt":"2025-11-20T21:57:37","slug":"promociones","status":"publish","type":"page","link":"https:\/\/gruporagal.net\/index.php\/promociones\/","title":{"rendered":"PROMOCIONES"},"content":{"rendered":"\n<div class=\"wp-block-uagb-container uagb-block-ba3e3604 alignfull uagb-is-root-container\"><div class=\"uagb-container-inner-blocks-wrap\">\n<div class=\"wp-block-uagb-advanced-heading uagb-block-1fd5b290\"><h1 class=\"uagb-heading-text\">\u00a1Ofertas Dise\u00f1adas a tu Medida!<\/h1><\/div>\n<\/div><\/div>\n\n\n\n<div class=\"wp-block-uagb-container uagb-block-0f035f1e alignfull uagb-is-root-container\"><div class=\"uagb-container-inner-blocks-wrap\">\n<figure class=\"wp-block-video\"><video autoplay controls loop src=\"https:\/\/gruporagal.net\/wp-content\/uploads\/2025\/11\/VIDEO-2025-11-19-01-09-19.mp4\"><\/video><\/figure>\n<\/div><\/div>\n\n\n\n<h3 class=\"wp-block-heading\">Descubre nuestras promociones y ofertas exclusivas<\/h3>\n\n\n\n<p class=\"has-ast-global-color-8-color has-text-color has-link-color wp-elements-29527ad036fa38abccaddf171dc717f1\">Cada mes preparamos algo especial para ti. Explora nuestras <strong>promociones, descuentos y beneficios \u00fanicos<\/strong>, pensados para ofrecerte la mejor experiencia y ayudarte a aprovechar al m\u00e1ximo nuestros servicios y productos.<\/p>\n\n\n\n<p class=\"has-ast-global-color-8-color has-text-color has-link-color wp-elements-cdf788ecf42cfcd4bb079f1b536cf159\">Visita nuestra p\u00e1gina web escaneando el <strong>c\u00f3digo QR<\/strong> o accediendo directamente desde el enlace en nuestras <strong>redes sociales<\/strong>. All\u00ed encontrar\u00e1s las ofertas vigentes, condiciones especiales y novedades que tenemos preparadas para ti.<\/p>\n\n\n\n<p class=\"has-ast-global-color-8-color has-text-color has-link-color wp-elements-01647368c317663a6529582dbf315d5c\">No te pierdas la oportunidad de disfrutar de precios preferenciales, promociones por temporada y beneficios exclusivos para nuestros clientes.<br><strong>Mantente al d\u00eda, con\u00e9ctate y s\u00e9 parte de nuestras mejores oportunidades.<\/strong><\/p>\n\n\n\n<p><\/p>\n","protected":false},"excerpt":{"rendered":"<p>\u00a1Ofertas Dise\u00f1adas a tu Medida! Descubre nuestras promociones y ofertas exclusivas Cada mes preparamos algo especial para ti. Explora nuestras [&hellip;]<\/p>\n","protected":false},"author":1,"featured_media":0,"parent":0,"menu_order":0,"comment_status":"closed","ping_status":"closed","template":"","meta":{"_uag_custom_page_level_css":"","site-sidebar-layout":"default","site-content-layout":"","ast-site-content-layout":"","site-content-style":"default","site-sidebar-style":"default","ast-global-header-display":"","ast-banner-title-visibility":"","ast-main-header-display":"","ast-hfb-above-header-display":"","ast-hfb-below-header-display":"","ast-hfb-mobile-header-display":"","site-post-title":"","ast-breadcrumbs-content":"","ast-featured-img":"","footer-sml-layout":"","theme-transparent-header-meta":"","adv-header-id-meta":"","stick-header-meta":"","header-above-stick-meta":"","header-main-stick-meta":"","header-below-stick-meta":"","astra-migrate-meta-layouts":"default","ast-page-background-enabled":"default","ast-page-background-meta":{"desktop":{"background-color":"var(--ast-global-color-4)","background-image":"","background-repeat":"repeat","background-position":"center center","background-size":"auto","background-attachment":"scroll","background-type":"","background-media":"","overlay-type":"","overlay-color":"","overlay-opacity":"","overlay-gradient":""},"tablet":{"background-color":"","background-image":"","background-repeat":"repeat","background-position":"center center","background-size":"auto","background-attachment":"scroll","background-type":"","background-media":"","overlay-type":"","overlay-color":"","overlay-opacity":"","overlay-gradient":""},"mobile":{"background-color":"","background-image":"","background-repeat":"repeat","background-position":"center center","background-size":"auto","background-attachment":"scroll","background-type":"","background-media":"","overlay-type":"","overlay-color":"","overlay-opacity":"","overlay-gradient":""}},"ast-content-background-meta":{"desktop":{"background-color":"var(--ast-global-color-5)","background-image":"","background-repeat":"repeat","background-position":"center center","background-size":"auto","background-attachment":"scroll","background-type":"","background-media":"","overlay-type":"","overlay-color":"","overlay-opacity":"","overlay-gradient":""},"tablet":{"background-color":"var(--ast-global-color-5)","background-image":"","background-repeat":"repeat","background-position":"center center","background-size":"auto","background-attachment":"scroll","background-type":"","background-media":"","overlay-type":"","overlay-color":"","overlay-opacity":"","overlay-gradient":""},"mobile":{"background-color":"var(--ast-global-color-5)","background-image":"","background-repeat":"repeat","background-position":"center center","background-size":"auto","background-attachment":"scroll","background-type":"","background-media":"","overlay-type":"","overlay-color":"","overlay-opacity":"","overlay-gradient":""}},"footnotes":""},"class_list":["post-1293","page","type-page","status-publish","hentry"],"uagb_featured_image_src":{"full":false,"thumbnail":false,"medium":false,"medium_large":false,"large":false,"1536x1536":false,"2048x2048":false,"woocommerce_thumbnail":false,"woocommerce_single":false,"woocommerce_gallery_thumbnail":false},"uagb_author_info":{"display_name":"gruporagal.net","author_link":"https:\/\/gruporagal.net\/index.php\/author\/gruporagal-net\/"},"uagb_comment_info":0,"uagb_excerpt":"\u00a1Ofertas Dise\u00f1adas a tu Medida! Descubre nuestras promociones y ofertas exclusivas Cada mes preparamos algo especial para ti. Explora nuestras [&hellip;]","_links":{"self":[{"href":"https:\/\/gruporagal.net\/index.php\/wp-json\/wp\/v2\/pages\/1293","targetHints":{"allow":["GET"]}}],"collection":[{"href":"https:\/\/gruporagal.net\/index.php\/wp-json\/wp\/v2\/pages"}],"about":[{"href":"https:\/\/gruporagal.net\/index.php\/wp-json\/wp\/v2\/types\/page"}],"author":[{"embeddable":true,"href":"https:\/\/gruporagal.net\/index.php\/wp-json\/wp\/v2\/users\/1"}],"replies":[{"embeddable":true,"href":"https:\/\/gruporagal.net\/index.php\/wp-json\/wp\/v2\/comments?post=1293"}],"version-history":[{"count":43,"href":"https:\/\/gruporagal.net\/index.php\/wp-json\/wp\/v2\/pages\/1293\/revisions"}],"predecessor-version":[{"id":3135,"href":"https:\/\/gruporagal.net\/index.php\/wp-json\/wp\/v2\/pages\/1293\/revisions\/3135"}],"wp:attachment":[{"href":"https:\/\/gruporagal.net\/index.php\/wp-json\/wp\/v2\/media?parent=1293"}],"curies":[{"name":"wp","href":"https:\/\/api.w.org\/{rel}","templated":true}]}}